{"id":622,"date":"2017-03-14T01:00:10","date_gmt":"2017-03-14T01:00:10","guid":{"rendered":"http:\/\/atadvogados.com\/site\/?page_id=622"},"modified":"2024-05-02T09:52:21","modified_gmt":"2024-05-02T12:52:21","slug":"direito-medico","status":"publish","type":"page","link":"https:\/\/atadvogados.com\/site\/direito-medico\/","title":{"rendered":"Direito M\u00e9dico"},"content":{"rendered":"<p>[vc_row][vc_column][vc_column_text]<\/p>\n<h2>Direito M\u00e9dico<\/h2>\n<p>[\/vc_column_text][\/vc_column][\/vc_row][vc_row][vc_column][vc_column_text]<\/p>\n<p style=\"text-align: justify;\">Defesas nas rela\u00e7\u00f5es humanas que envolvam os interesses sobre a vida e a sa\u00fade assim como a responsabilidade \u00e9tica, civil e penal dos profissionais de sa\u00fade no exerc\u00edcio de sua atividade.<\/p>\n<p>[\/vc_column_text][\/vc_column][\/vc_row]<\/p>\n","protected":false},"excerpt":{"rendered":"<p>[vc_row][vc_column][vc_column_text] Direito M\u00e9dico [\/vc_column_text][\/vc_column][\/vc_row][vc_row][vc_column][vc_column_text] Defesas nas rela\u00e7\u00f5es humanas que envolvam os interesses sobre a vida e a sa\u00fade assim como a responsabilidade \u00e9tica, civil e penal dos profissionais de sa\u00fade no exerc\u00edcio de sua atividade. [\/vc_column_text][\/vc_column][\/vc_row]<\/p>\n","protected":false},"author":1,"featured_media":0,"parent":0,"menu_order":0,"comment_status":"closed","ping_status":"closed","template":"","meta":{"footnotes":""},"_links":{"self":[{"href":"https:\/\/atadvogados.com\/site\/wp-json\/wp\/v2\/pages\/622"}],"collection":[{"href":"https:\/\/atadvogados.com\/site\/wp-json\/wp\/v2\/pages"}],"about":[{"href":"https:\/\/atadvogados.com\/site\/wp-json\/wp\/v2\/types\/page"}],"author":[{"embeddable":true,"href":"https:\/\/atadvogados.com\/site\/wp-json\/wp\/v2\/users\/1"}],"replies":[{"embeddable":true,"href":"https:\/\/atadvogados.com\/site\/wp-json\/wp\/v2\/comments?post=622"}],"version-history":[{"count":5,"href":"https:\/\/atadvogados.com\/site\/wp-json\/wp\/v2\/pages\/622\/revisions"}],"predecessor-version":[{"id":836,"href":"https:\/\/atadvogados.com\/site\/wp-json\/wp\/v2\/pages\/622\/revisions\/836"}],"wp:attachment":[{"href":"https:\/\/atadvogados.com\/site\/wp-json\/wp\/v2\/media?parent=622"}],"curies":[{"name":"wp","href":"https:\/\/api.w.org\/{rel}","templated":true}]}}