{"id":39,"date":"2016-08-11T08:55:34","date_gmt":"2016-08-11T08:55:34","guid":{"rendered":"http:\/\/sw-themes.com\/porto_dummy\/?page_id=39"},"modified":"2024-05-14T11:21:49","modified_gmt":"2024-05-14T14:21:49","slug":"sobre","status":"publish","type":"page","link":"https:\/\/atadvogados.com\/site\/sobre\/","title":{"rendered":"Quem Somos"},"content":{"rendered":"<p>[vc_row][vc_column][vc_custom_heading text=&#8221;Quem Somos&#8221; font_container=&#8221;tag:h2|font_size:36|text_align:left&#8221; use_theme_fonts=&#8221;yes&#8221; el_class=&#8221;m-b-md&#8221;][vc_separator color=&#8221;custom&#8221; align=&#8221;align_left&#8221; border_width=&#8221;3&#8243; type=&#8221;small&#8221; accent_color=&#8221;#cfa968&#8243;][vc_row_inner][vc_column_inner width=&#8221;1\/2&#8243;][vc_column_text]<\/p>\n<p style=\"text-align: left;\"><img loading=\"lazy\" decoding=\"async\" class=\"alignnone size-medium wp-image-829\" src=\"https:\/\/atadvogados.com\/site\/wp-content\/uploads\/2024\/04\/a2-264x300.jpg\" alt=\"\" width=\"264\" height=\"300\" \/><\/p>\n<p>[\/vc_column_text][vc_column_text]<span style=\"font-size: 20px; color: #000000;\"><strong>Andressa Ariane Trindade Altenhofen<\/strong><\/span>[\/vc_column_text][vc_separator color=&#8221;custom&#8221; align=&#8221;align_left&#8221; border_width=&#8221;3&#8243; type=&#8221;small&#8221; accent_color=&#8221;#cfa968&#8243;][vc_column_text]<\/p>\n<p style=\"text-align: justify;\">Inscrita na OAB\/SC sob o n\u00b0 41.660, graduada em Direito pela UNISUL (2013), com especializa\u00e7\u00e3o em Direito e Processo do Trabalho e Previdenci\u00e1rio, Direito M\u00e9dico e Direito Penal. Al\u00e9m disso, formada em Administra\u00e7\u00e3o de Empresas, com MBA Executivo em Gest\u00e3o Empresarial, foi banc\u00e1ria, assessora de Promotoria e Superintendente de Autarquia Federal. Com forma\u00e7\u00e3o em Programa\u00e7\u00e3o Neurolingu\u00edstica (PNL) e Constela\u00e7\u00e3o Familiar aplicada ao Direito. J\u00e1 participou da Comiss\u00e3o de Prerrogativas da Advocacia &#8211; OAB\/SC, Comiss\u00e3o de Direito Digital \u2013 OAB\/SC, foi fundadora da 1\u00aa Comiss\u00e3o de Direito Sist\u00eamico \u2013 OAB\/SC onde era vice-presidente, atualmente \u00e9 Membro da Comiss\u00e3o do Direito do Trabalho OAB\/SC e do Instituto dos Advogados de Santa Catarina &#8211; IASC, o que permite oferecer um servi\u00e7o jur\u00eddico completo e eficiente para meus clientes.<\/p>\n<p style=\"text-align: justify;\">Fundadora do escrit\u00f3rio Altenhofen Advogados, representa empregadores e empregados em quest\u00f5es trabalhistas, previdenci\u00e1rias e c\u00edvel, desde assessoria na contrata\u00e7\u00e3o at\u00e9 defesa em a\u00e7\u00f5es judiciais. Presta tamb\u00e9m, assist\u00eancia jur\u00eddica a profissionais da sa\u00fade, cl\u00ednicas e hospitais, abrangendo quest\u00f5es \u00e9ticas, responsabilidade civil, contratos e processos administrativos.<\/p>\n<p style=\"text-align: justify;\">E-mail: <a href=\"mailto:andressa@atadvogados.com\">andressa@atadvogados.com<\/a><\/p>\n<p>[\/vc_column_text][\/vc_column_inner][vc_column_inner width=&#8221;1\/2&#8243;][vc_column_text]<\/p>\n<p style=\"text-align: left;\"><img loading=\"lazy\" decoding=\"async\" class=\"alignnone size-medium wp-image-830\" src=\"https:\/\/atadvogados.com\/site\/wp-content\/uploads\/2024\/04\/a1-264x300.jpg\" alt=\"\" width=\"264\" height=\"300\" \/><\/p>\n<p>[\/vc_column_text][vc_column_text]<span style=\"font-size: 20px; color: #000000;\"><strong>Juliano Bueno Testa<\/strong><\/span>[\/vc_column_text][vc_separator color=&#8221;custom&#8221; align=&#8221;align_left&#8221; border_width=&#8221;3&#8243; type=&#8221;small&#8221; accent_color=&#8221;#cfa968&#8243;][vc_column_text]<\/p>\n<p style=\"text-align: justify;\">Inscrito na OAB\/RS sob o n\u00b0 55.302, especialista em Direito e Processo do Trabalho e Direito P\u00fablico, com uma vasta experi\u00eancia na advocacia, formado pela Universidade Luterana do Brasil h\u00e1 22 anos, atua em diversos ramos do direito, tendo passado por bancas renomadas e militando especialmente na \u00e1rea do Direito do Trabalho junto a Varas e Tribunais em todo o Brasil.<\/p>\n<p style=\"text-align: justify;\">E-mail:<a href=\"mailto:juliano@atadvogados.com\"> juliano@atadvogados.com<\/a><\/p>\n<p>[\/vc_column_text][\/vc_column_inner][\/vc_row_inner][vc_empty_space][vc_row_inner][vc_column_inner width=&#8221;1\/2&#8243;][vc_column_text]<img loading=\"lazy\" decoding=\"async\" class=\"alignnone size-medium wp-image-828\" src=\"https:\/\/atadvogados.com\/site\/wp-content\/uploads\/2024\/04\/a3-264x300.jpg\" alt=\"\" width=\"264\" height=\"300\" \/>[\/vc_column_text][vc_column_text]<span style=\"font-size: 20px; color: #000000;\"><strong>Manoella Pereira Botelho<\/strong><\/span>[\/vc_column_text][vc_separator color=&#8221;custom&#8221; align=&#8221;align_left&#8221; border_width=&#8221;3&#8243; type=&#8221;small&#8221; accent_color=&#8221;#cfa968&#8243;][vc_column_text]<\/p>\n<p style=\"text-align: justify;\">Inscrita na OAB\/SC sob o n\u00ba 49.213, graduada em Direito pela UNISUL (2014), especialista em Direito e Processo Previdenci\u00e1rio e Penal. Atua nas \u00e1reas previdenci\u00e1ria, consumidor e c\u00edvel, advocacia preventiva, judicial e extrajudicial. Faz parte da Comiss\u00e3o de Direito Previdenci\u00e1rio (Regime Geral) &#8211; OAB\/SC, como membro consultivo e possui vasta experi\u00eancia em laudos e per\u00edcias judiciais.<\/p>\n<p style=\"text-align: justify;\">E-mail: <a href=\"mailto:contato@atadvogados.com\">contato@atadvogados.com<\/a><\/p>\n<p>[\/vc_column_text][\/vc_column_inner][vc_column_inner width=&#8221;1\/2&#8243;][\/vc_column_inner][\/vc_row_inner][\/vc_column][\/vc_row][vc_row][vc_column][vc_empty_space height=&#8221;50px&#8221;][\/vc_column][\/vc_row]<\/p>\n","protected":false},"excerpt":{"rendered":"<p>[vc_row][vc_column][vc_custom_heading text=&#8221;Quem Somos&#8221; font_container=&#8221;tag:h2|font_size:36|text_align:left&#8221; use_theme_fonts=&#8221;yes&#8221; el_class=&#8221;m-b-md&#8221;][vc_separator color=&#8221;custom&#8221; align=&#8221;align_left&#8221; border_width=&#8221;3&#8243; type=&#8221;small&#8221; accent_color=&#8221;#cfa968&#8243;][vc_row_inner][vc_column_inner width=&#8221;1\/2&#8243;][vc_column_text] [\/vc_column_text][vc_column_text]Andressa Ariane Trindade Altenhofen[\/vc_column_text][vc_separator color=&#8221;custom&#8221; align=&#8221;align_left&#8221; border_width=&#8221;3&#8243; type=&#8221;small&#8221; accent_color=&#8221;#cfa968&#8243;][vc_column_text] Inscrita na OAB\/SC sob o n\u00b0 41.660, graduada em Direito pela UNISUL (2013), com especializa\u00e7\u00e3o em Direito e Processo do Trabalho e Previdenci\u00e1rio, Direito M\u00e9dico e Direito Penal. Al\u00e9m disso, formada em Administra\u00e7\u00e3o de [&hellip;]<\/p>\n","protected":false},"author":1,"featured_media":0,"parent":0,"menu_order":0,"comment_status":"closed","ping_status":"closed","template":"","meta":{"footnotes":""},"_links":{"self":[{"href":"https:\/\/atadvogados.com\/site\/wp-json\/wp\/v2\/pages\/39"}],"collection":[{"href":"https:\/\/atadvogados.com\/site\/wp-json\/wp\/v2\/pages"}],"about":[{"href":"https:\/\/atadvogados.com\/site\/wp-json\/wp\/v2\/types\/page"}],"author":[{"embeddable":true,"href":"https:\/\/atadvogados.com\/site\/wp-json\/wp\/v2\/users\/1"}],"replies":[{"embeddable":true,"href":"https:\/\/atadvogados.com\/site\/wp-json\/wp\/v2\/comments?post=39"}],"version-history":[{"count":31,"href":"https:\/\/atadvogados.com\/site\/wp-json\/wp\/v2\/pages\/39\/revisions"}],"predecessor-version":[{"id":837,"href":"https:\/\/atadvogados.com\/site\/wp-json\/wp\/v2\/pages\/39\/revisions\/837"}],"wp:attachment":[{"href":"https:\/\/atadvogados.com\/site\/wp-json\/wp\/v2\/media?parent=39"}],"curies":[{"name":"wp","href":"https:\/\/api.w.org\/{rel}","templated":true}]}}