{"id":143,"date":"2016-08-11T07:36:22","date_gmt":"2016-08-11T07:36:22","guid":{"rendered":"http:\/\/sw-themes.com\/porto_dummy\/?page_id=143"},"modified":"2025-02-25T16:19:13","modified_gmt":"2025-02-25T19:19:13","slug":"home","status":"publish","type":"page","link":"https:\/\/atadvogados.com\/site\/","title":{"rendered":"Home"},"content":{"rendered":"<p>[vc_row wrap_container=&#8221;yes&#8221; el_id=&#8221;practice-areas&#8221; css=&#8221;.vc_custom_1593699768564{background-color: #fff9f8 !important;}&#8221;][vc_column][vc_custom_heading text=&#8221;Seja bem-vindo (a)!&#8221; font_container=&#8221;tag:h2|text_align:center&#8221; use_theme_fonts=&#8221;yes&#8221; el_class=&#8221;m-b-none m-t-lg&#8221;][vc_separator color=&#8221;custom&#8221; border_width=&#8221;3&#8243; type=&#8221;small&#8221; accent_color=&#8221;#cfa968&#8243; el_class=&#8221;m-b-lg&#8221;][vc_row_inner animation_type=&#8221;fadeInUp&#8221;][vc_column_inner][vc_column_text]<\/p>\n<p style=\"text-align: center;\"><strong>Altenhofen Advogados tem por objetivo a excel\u00eancia na presta\u00e7\u00e3o de servi\u00e7os atrav\u00e9s de consultoria jur\u00eddica com qualidade, respeitando as particularidades de cada cliente.<\/strong><\/p>\n<p style=\"text-align: center;\"><em>\u201cO advogado, indispens\u00e1vel \u00e0 administra\u00e7\u00e3o da Justi\u00e7a, \u00e9 defensor do Estado Democr\u00e1tico de Direito, dos direitos humanos e garantias fundamentais, da cidadania, da moralidade, da Justi\u00e7a e da paz social, cumprindo-lhe exercer o seu minist\u00e9rio em conson\u00e2ncia com a sua elevada fun\u00e7\u00e3o p\u00fablica e com os valores que lhe s\u00e3o inerentes\u201d. (Lei 8.906\/1994, artigo 2\u00ba).<\/em><\/p>\n<p>[\/vc_column_text][\/vc_column_inner][\/vc_row_inner][vc_column_text css=&#8221;.vc_custom_1593700692213{padding-top: 20px !important;padding-bottom: 25px !important;}&#8221;]<\/p>\n<p style=\"text-align: center;\"><span style=\"color: #000000;\"><strong>\u00c1reas de Atua\u00e7\u00e3o:\u00a0<\/strong><\/span>Direito do Trabalho, Direito Previdenci\u00e1rio, Direito M\u00e9dico, Direito Civil e Advocacia de Apoio &#8211; Correspondentes.<\/p>\n<p>[\/vc_column_text][\/vc_column][\/vc_row][vc_row wrap_container=&#8221;yes&#8221; is_section=&#8221;yes&#8221; section_skin=&#8221;parallax&#8221; remove_margin_top=&#8221;yes&#8221; remove_margin_bottom=&#8221;yes&#8221; remove_padding_bottom=&#8221;yes&#8221; remove_border=&#8221;yes&#8221;][vc_column][vc_custom_heading text=&#8221;\u00daltimas Not\u00edcias&#8221; font_container=&#8221;tag:h2|text_align:center&#8221; use_theme_fonts=&#8221;yes&#8221; el_class=&#8221;m-b-none m-t-sm&#8221;][vc_separator color=&#8221;custom&#8221; border_width=&#8221;3&#8243; type=&#8221;small&#8221; accent_color=&#8221;#cfa968&#8243; el_class=&#8221;m-b-lg&#8221;][\/vc_column][\/vc_row][vc_row wrap_container=&#8221;yes&#8221; is_section=&#8221;yes&#8221; section_skin=&#8221;parallax&#8221; remove_margin_top=&#8221;yes&#8221; remove_margin_bottom=&#8221;yes&#8221; css=&#8221;.vc_custom_1593699750544{background-color: #fff9f8 !important;}&#8221; el_class=&#8221;bg-pos-bottom&#8221;][vc_column width=&#8221;1\/2&#8243; offset=&#8221;vc_hidden-sm vc_hidden-xs&#8221;][vc_column_text]<\/p>\n<p style=\"text-align: center;\"><img loading=\"lazy\" decoding=\"async\" class=\"alignnone size-medium wp-image-685\" src=\"http:\/\/atadvogados.com\/site\/wp-content\/uploads\/2016\/08\/contato-300x300.png\" alt=\"\" width=\"300\" height=\"300\" \/><\/p>\n<p>[\/vc_column_text][\/vc_column][vc_column offset=&#8221;vc_col-md-6&#8243;][vc_custom_heading text=&#8221;Fale Conosco&#8221; use_theme_fonts=&#8221;yes&#8221; el_class=&#8221;m-t-lg m-b-none&#8221;][vc_column_text el_class=&#8221;m-b-none&#8221;]Entre em contato conosco preenchendo os campos abaixo:[\/vc_column_text][vc_separator color=&#8221;custom&#8221; align=&#8221;align_left&#8221; border_width=&#8221;3&#8243; type=&#8221;small&#8221; accent_color=&#8221;#cfa968&#8243;]<div role=\"form\" class=\"wpcf7\" id=\"wpcf7-f25-o1\" lang=\"en-US\" dir=\"ltr\">\n<div class=\"screen-reader-response\"><\/div>\n<form action=\"\/site\/wp-json\/wp\/v2\/pages\/143#wpcf7-f25-o1\" method=\"post\" class=\"wpcf7-form\" novalidate=\"novalidate\">\n<div style=\"display: none;\">\n<input type=\"hidden\" name=\"_wpcf7\" value=\"25\" \/>\n<input type=\"hidden\" name=\"_wpcf7_version\" value=\"5.0.5\" \/>\n<input type=\"hidden\" name=\"_wpcf7_locale\" value=\"en_US\" \/>\n<input type=\"hidden\" name=\"_wpcf7_unit_tag\" value=\"wpcf7-f25-o1\" \/>\n<input type=\"hidden\" name=\"_wpcf7_container_post\" value=\"0\" \/>\n<\/div>\n<div class=\"row\">\n<div class=\"col-md-6\">\n<div class=\"form-group\">\n            <span class=\"wpcf7-form-control-wrap your-name\"><input type=\"text\" name=\"your-name\" value=\"\" size=\"40\" class=\"wpcf7-form-control wpcf7-text wpcf7-validates-as-required form-control\" id=\"contact-name\" aria-required=\"true\" aria-invalid=\"false\" placeholder=\"Nome: *\" \/><\/span>\n        <\/div><\/div>\n<div class=\"col-md-6\">\n<div class=\"form-group\">\n            <span class=\"wpcf7-form-control-wrap your-email\"><input type=\"email\" name=\"your-email\" value=\"\" size=\"40\" class=\"wpcf7-form-control wpcf7-text wpcf7-email wpcf7-validates-as-required wpcf7-validates-as-email form-control\" id=\"contact-email\" aria-required=\"true\" aria-invalid=\"false\" placeholder=\"Seu email *\" \/><\/span>\n        <\/div><\/div>\n<div class=\"col-md-12\">\n<div class=\"form-group\">\n            <span class=\"wpcf7-form-control-wrap your-subject\"><input type=\"text\" name=\"your-subject\" value=\"\" size=\"40\" class=\"wpcf7-form-control wpcf7-text wpcf7-validates-as-required form-control\" id=\"contact-subject\" aria-required=\"true\" aria-invalid=\"false\" placeholder=\"Assunto *\" \/><\/span>\n        <\/div><\/div>\n<div class=\"col-md-12\">\n<div class=\"form-group\">\n            <span class=\"wpcf7-form-control-wrap your-message\"><textarea name=\"your-message\" cols=\"40\" rows=\"3\" class=\"wpcf7-form-control wpcf7-textarea wpcf7-validates-as-required form-control\" id=\"contact-message\" aria-required=\"true\" aria-invalid=\"false\" placeholder=\"Mensagem *\"><\/textarea><\/span>\n        <\/div><\/div>\n<div class=\"col-md-12\">\n<div class=\"form-group\">\n            <input type=\"submit\" value=\"Enviar Mensagem\" class=\"wpcf7-form-control wpcf7-submit btn btn-primary\" \/>\n        <\/div><\/div>\n<\/div>\n<div class=\"wpcf7-response-output wpcf7-display-none\"><\/div><\/form><\/div>[\/vc_column][\/vc_row]<\/p>\n","protected":false},"excerpt":{"rendered":"<p>[vc_row wrap_container=&#8221;yes&#8221; el_id=&#8221;practice-areas&#8221; css=&#8221;.vc_custom_1593699768564{background-color: #fff9f8 !important;}&#8221;][vc_column][vc_custom_heading text=&#8221;Seja bem-vindo (a)!&#8221; font_container=&#8221;tag:h2|text_align:center&#8221; use_theme_fonts=&#8221;yes&#8221; el_class=&#8221;m-b-none m-t-lg&#8221;][vc_separator color=&#8221;custom&#8221; border_width=&#8221;3&#8243; type=&#8221;small&#8221; accent_color=&#8221;#cfa968&#8243; el_class=&#8221;m-b-lg&#8221;][vc_row_inner animation_type=&#8221;fadeInUp&#8221;][vc_column_inner][vc_column_text] Altenhofen Advogados tem por objetivo a excel\u00eancia na presta\u00e7\u00e3o de servi\u00e7os atrav\u00e9s de consultoria jur\u00eddica com qualidade, respeitando as particularidades de cada cliente. \u201cO advogado, indispens\u00e1vel \u00e0 administra\u00e7\u00e3o da Justi\u00e7a, \u00e9 defensor do Estado Democr\u00e1tico de [&hellip;]<\/p>\n","protected":false},"author":1,"featured_media":0,"parent":0,"menu_order":0,"comment_status":"closed","ping_status":"closed","template":"","meta":{"footnotes":""},"_links":{"self":[{"href":"https:\/\/atadvogados.com\/site\/wp-json\/wp\/v2\/pages\/143"}],"collection":[{"href":"https:\/\/atadvogados.com\/site\/wp-json\/wp\/v2\/pages"}],"about":[{"href":"https:\/\/atadvogados.com\/site\/wp-json\/wp\/v2\/types\/page"}],"author":[{"embeddable":true,"href":"https:\/\/atadvogados.com\/site\/wp-json\/wp\/v2\/users\/1"}],"replies":[{"embeddable":true,"href":"https:\/\/atadvogados.com\/site\/wp-json\/wp\/v2\/comments?post=143"}],"version-history":[{"count":33,"href":"https:\/\/atadvogados.com\/site\/wp-json\/wp\/v2\/pages\/143\/revisions"}],"predecessor-version":[{"id":845,"href":"https:\/\/atadvogados.com\/site\/wp-json\/wp\/v2\/pages\/143\/revisions\/845"}],"wp:attachment":[{"href":"https:\/\/atadvogados.com\/site\/wp-json\/wp\/v2\/media?parent=143"}],"curies":[{"name":"wp","href":"https:\/\/api.w.org\/{rel}","templated":true}]}}